{"id":2002,"date":"2021-08-20T14:03:58","date_gmt":"2021-08-20T14:03:58","guid":{"rendered":"https:\/\/garciquimica.com.br\/quakerhoughton\/?page_id=2002"},"modified":"2023-05-30T17:59:07","modified_gmt":"2023-05-30T17:59:07","slug":"usinagem-de-metais","status":"publish","type":"page","link":"https:\/\/garciquimica.com.br\/quakerhoughton\/catalogo-de-produtos\/usinagem-de-metais\/","title":{"rendered":"Usinagem de Metais"},"content":{"rendered":"<div class=\"fusion-fullwidth fullwidth-box fusion-builder-row-1 fusion-flex-container nonhundred-percent-fullwidth non-hundred-percent-height-scrolling\" style=\"background-color: rgba(255,255,255,0);background-position: center center;background-repeat: no-repeat;border-width: 0px 0px 0px 0px;border-color:#e7e4e2;border-style:solid;\" ><div class=\"fusion-builder-row fusion-row fusion-flex-align-items-flex-start\" style=\"max-width:1331.2px;margin-left: calc(-4% \/ 2 );margin-right: calc(-4% \/ 2 );\"><div class=\"fusion-layout-column fusion_builder_column fusion-builder-column-0 fusion_builder_column_1_1 1_1 fusion-flex-column\"><div class=\"fusion-column-wrapper fusion-flex-justify-content-flex-start fusion-content-layout-column\" style=\"background-position:left top;background-repeat:no-repeat;-webkit-background-size:cover;-moz-background-size:cover;-o-background-size:cover;background-size:cover;padding: 0px 0px 0px 0px;\">\n<div class=\"table-2\">\n<table width=\"100%\">\n<thead>\n<tr>\n<th align=\"left\">SOL\u00daVEIS<br \/>\nCONVENCIONAIS<\/th>\n<th align=\"left\">Tradicionalmente os \u00f3leos sol\u00faveis cont\u00e9m elevados n\u00edveis de materiais hidrof\u00f3bicos em suas formula\u00e7\u00f5es para se atingir uma \u00f3tima lubrifica\u00e7\u00e3o lim\u00edtrofe e um excelente n\u00edvel de acabamento superficial das pe\u00e7as.<\/th>\n<\/tr>\n<\/thead>\n<tbody>\n<tr>\n<td align=\"left\">S\u00e9rie Dromus\u2122<\/td>\n<td align=\"left\">Trata-se de uma linha de \u00f3leos emulsion\u00e1veis em \u00e1gua, que pode ser utilizada para todos os tipos de usinagem geral de metais ferrosos e n\u00e3o ferrosos. Seu elevado grau de oleosidade garante uma excelente lubrifica\u00e7\u00e3o da m\u00e1quina ferramenta e de seus barramentos.<\/td>\n<\/tr>\n<\/tbody>\n<\/table>\n<\/div>\n\n<div class=\"table-2\">\n<table width=\"100%\">\n<thead>\n<tr>\n<th align=\"left\">SOL\u00daVEIS<br \/>\nSEMI-SINT\u00c9TICOS<\/th>\n<th align=\"left\">Os \u00f3leos sol\u00faveis semissint\u00e9ticos situam-se entre os \u00f3leos sol\u00faveis de elevado teor de \u00f3leo mineral e os fluidos sint\u00e9ticos. Frequentemente conjugam um elevado n\u00edvel de refrigera\u00e7\u00e3o com excelente lubrifica\u00e7\u00e3o.<\/th>\n<\/tr>\n<\/thead>\n<tbody>\n<tr>\n<td align=\"left\">S\u00e9rie Hocut\u00ae<\/td>\n<td align=\"left\">Com varia\u00e7\u00f5es de baixo e elevado teor de \u00f3leo mineral, trata-se da linha tipo &#8220;premium&#8221; da Houghton para usinagem de metais ferrosos e n\u00e3o ferrosos. S\u00e3o produtos adequados para opera\u00e7\u00f5es de leve a elevada severidade, com baixo n\u00edvel de manuten\u00e7\u00e3o, sendo necess\u00e1rio t\u00e3o somente o controle e a manuten\u00e7\u00e3o da concentra\u00e7\u00e3o recomendada.<\/td>\n<\/tr>\n<tr>\n<td align=\"left\">S\u00e9rie Adrana\u2122<\/td>\n<td align=\"left\">S\u00e3o fluidos recomendados para opera\u00e7\u00f5es de moderadas a severas. Formam micro emuls\u00f5es transl\u00facidas est\u00e1veis quando misturados com a \u00e1gua, promovendo uma opera\u00e7\u00e3o limpa e com caracter\u00edstica de baixo teor de espuma. S\u00e3o recomendados tamb\u00e9m para opera\u00e7\u00f5es de retifica\u00e7\u00e3o e usinagem geral de ferro fundido, a\u00e7os, a\u00e7os inoxid\u00e1veis e metais n\u00e3o ferrosos.<\/td>\n<\/tr>\n<\/tbody>\n<\/table>\n<\/div>\n\n<div class=\"table-2\">\n<table width=\"100%\">\n<thead>\n<tr>\n<th align=\"left\">SOL\u00daVEIS<br \/>\nSINT\u00c9TICOS<\/th>\n<th align=\"left\">Por n\u00e3o conter \u00f3leos minerais em suas formula\u00e7\u00f5es, os fluidos sint\u00e9ticos tipicamente garantem resfriamento e limpeza excelentes. S\u00e3o considerados adequados para opera\u00e7\u00f5es de retifica\u00e7\u00e3o e usinagens leves. Enriquecidos com aditivos apropriados podem ser utilizados em servi\u00e7os mais severos.<\/th>\n<\/tr>\n<\/thead>\n<tbody>\n<tr>\n<td align=\"left\">S\u00e9rie Hocut\u00ae<\/td>\n<td align=\"left\">S\u00e3o fluidos sint\u00e9ticos multiusos para usinagem de metais ferrosos, com excelentes propriedades para remo\u00e7\u00e3o do cavaco. Sua vida \u00fatil prolongada nos reservat\u00f3rios \u00e9 adequada para programas internos de reciclagens al\u00e9m de oferecer uma excelente rejei\u00e7\u00e3o ao &#8220;tramp oil&#8221;.<\/td>\n<\/tr>\n<tr>\n<td align=\"left\">S\u00e9rie Adrana\u2122<\/td>\n<td align=\"left\">Esta s\u00e9rie confere excelente prote\u00e7\u00e3o anticorrosiva associada a um custo eficiente para opera\u00e7\u00f5es de retifica\u00e7\u00e3o leve de ferro fundido e a\u00e7o. Fazem parte da s\u00e9rie produtos isentos de nitrito, fenol, parafina clorada e DEA (aminas secund\u00e1rias).<\/td>\n<\/tr>\n<tr>\n<td align=\"left\">S\u00e9rie Metalina\u2122<\/td>\n<td align=\"left\">Estes fluidos s\u00e3o adequados para servi\u00e7os de leve a moderada severidade, associada a uma excelente rejei\u00e7\u00e3o do &#8220;tramp oil&#8221;. Proporcionam um superior n\u00edvel de lubrifica\u00e7\u00e3o e caracter\u00edstica de baixa forma\u00e7\u00e3o de espuma. S\u00e3o recomendados para opera\u00e7\u00f5es de retifica\u00e7\u00e3o e usinagens de a\u00e7o de baixa e alta liga e a\u00e7os inoxid\u00e1veis.<\/td>\n<\/tr>\n<\/tbody>\n<\/table>\n<\/div>\n\n<div class=\"table-2\">\n<table width=\"100%\">\n<thead>\n<tr>\n<th align=\"left\">\u00d3LEOS<br \/>\nINTEGRAIS<\/th>\n<th align=\"left\">As s\u00e9ries Cut-Max\u00ae, Garia\u2122 e Macron\u2122 foram desenvolvidas com \u00f3leos minerais altamente refinados e de excelente qualidade, associados a aditivos selecionados que proporcionam excelente desempenho aos produtos. Est\u00e3o dispon\u00edveis em uma larga variedade de viscosidades, de modo a assegurar elevado desempenho operacional tanto em aplica\u00e7\u00f5es de leve a elevada severidade com ligas de dif\u00edcil usinabilidade.<\/th>\n<\/tr>\n<\/thead>\n<tbody>\n<tr>\n<td align=\"left\">S\u00e9rie Cut-Max\u00ae<\/td>\n<td align=\"left\">\u00d3leos de corte integrais para usinagem de metais ferrosos e n\u00e3o ferrosos, indicados para as mais variadas opera\u00e7\u00f5es de usinagem e materiais. Fazem parte da s\u00e9rie produtos isentos de cloro e enxofre.<\/td>\n<\/tr>\n<tr>\n<td align=\"left\">S\u00e9rie Garia\u2122<\/td>\n<td align=\"left\">\u00d3leos de corte integrais, adequados para usinagem de m\u00e9dia a elevada severidade de ferro fundido, a\u00e7o carbono e a\u00e7o inox, possuem elevados n\u00edveis de aditiva\u00e7\u00e3o que proporcionam alto desempenho, redu\u00e7\u00e3o de desgaste do ferramental e excelente n\u00edvel de acabamento das pe\u00e7as usinadas.<\/td>\n<\/tr>\n<tr>\n<td align=\"left\">S\u00e9rie Macron\u2122<\/td>\n<td align=\"left\">Estes fluidos s\u00e3o adequados para servi\u00e7os de leve a moderada severidade, associada a uma excelente rejei\u00e7\u00e3o do &#8220;tramp oil&#8221;. S\u00e9rie de \u00f3leos integrais para opera\u00e7\u00f5es de leve a m\u00e9dia severidade para metais amarelos, alum\u00ednio, a\u00e7o e ferro fundido. Re\u00fane ampla gama de viscosidades, podendo ser aplicados tamb\u00e9m em opera\u00e7\u00f5es de brunimento e retifica\u00e7\u00e3o.<\/td>\n<\/tr>\n<\/tbody>\n<\/table>\n<\/div>\n<\/div><\/div><style type=\"text\/css\">.fusion-body .fusion-builder-column-0{width:100% !important;margin-top : 10px;margin-bottom : 10px;}.fusion-builder-column-0 > .fusion-column-wrapper {padding-top : 0px !important;padding-right : 0px !important;margin-right : 1.92%;padding-bottom : 0px !important;padding-left : 0px !important;margin-left : 1.92%;}@media only screen and (max-width:1024px) {.fusion-body .fusion-builder-column-0{width:100% !important;order : 0;}.fusion-builder-column-0 > .fusion-column-wrapper {margin-right : 1.92%;margin-left : 1.92%;}}@media only screen and (max-width:640px) {.fusion-body .fusion-builder-column-0{width:100% !important;order : 0;}.fusion-builder-column-0 > .fusion-column-wrapper {margin-right : 1.92%;margin-left : 1.92%;}}<\/style><\/div><style type=\"text\/css\">.fusion-body .fusion-flex-container.fusion-builder-row-1{ padding-top : 0px;margin-top : 0px;padding-right : 0px;padding-bottom : 0px;margin-bottom : 0px;padding-left : 0px;}<\/style><\/div>\n","protected":false},"excerpt":{"rendered":"","protected":false},"author":1,"featured_media":0,"parent":14,"menu_order":0,"comment_status":"closed","ping_status":"closed","template":"","meta":{"footnotes":""},"yoast_head":"<!-- This site is optimized with the Yoast SEO plugin v22.4 - https:\/\/yoast.com\/wordpress\/plugins\/seo\/ -->\n<title>Usinagem de Metais: Produtos Quaker Houghton - Garciqu\u00edmica<\/title>\n<meta name=\"description\" content=\"Garciqu\u00edmica \u00e9 distribuidora autorizada dos produtos Quaker Houghton. Trabalhamos com Usinagem de Metais e temos \u00f3leos e sol\u00faveis. Veja nosso cat\u00e1logo!\" \/>\n<meta name=\"robots\" content=\"index, follow, max-snippet:-1, max-image-preview:large, max-video-preview:-1\" \/>\n<link rel=\"canonical\" href=\"https:\/\/garciquimica.com.br\/quakerhoughton\/catalogo-de-produtos\/usinagem-de-metais\/\" \/>\n<meta property=\"og:locale\" content=\"pt_BR\" \/>\n<meta property=\"og:type\" content=\"article\" \/>\n<meta property=\"og:title\" content=\"Usinagem de Metais: Produtos Quaker Houghton - Garciqu\u00edmica\" \/>\n<meta property=\"og:description\" content=\"Garciqu\u00edmica \u00e9 distribuidora autorizada dos produtos Quaker Houghton. Trabalhamos com Usinagem de Metais e temos \u00f3leos e sol\u00faveis. Veja nosso cat\u00e1logo!\" \/>\n<meta property=\"og:url\" content=\"https:\/\/garciquimica.com.br\/quakerhoughton\/catalogo-de-produtos\/usinagem-de-metais\/\" \/>\n<meta property=\"og:site_name\" content=\"Garc\u00edquimica - Distribuidor Quaker Houghton\" \/>\n<meta property=\"article:modified_time\" content=\"2023-05-30T17:59:07+00:00\" \/>\n<meta name=\"twitter:card\" content=\"summary_large_image\" \/>\n<meta name=\"twitter:label1\" content=\"Est. tempo de leitura\" \/>\n\t<meta name=\"twitter:data1\" content=\"4 minutos\" \/>\n<script type=\"application\/ld+json\" class=\"yoast-schema-graph\">{\"@context\":\"https:\/\/schema.org\",\"@graph\":[{\"@type\":\"WebPage\",\"@id\":\"https:\/\/garciquimica.com.br\/quakerhoughton\/catalogo-de-produtos\/usinagem-de-metais\/\",\"url\":\"https:\/\/garciquimica.com.br\/quakerhoughton\/catalogo-de-produtos\/usinagem-de-metais\/\",\"name\":\"Usinagem de Metais: Produtos Quaker Houghton - Garciqu\u00edmica\",\"isPartOf\":{\"@id\":\"https:\/\/garciquimica.com.br\/quakerhoughton\/#website\"},\"datePublished\":\"2021-08-20T14:03:58+00:00\",\"dateModified\":\"2023-05-30T17:59:07+00:00\",\"description\":\"Garciqu\u00edmica \u00e9 distribuidora autorizada dos produtos Quaker Houghton. Trabalhamos com Usinagem de Metais e temos \u00f3leos e sol\u00faveis. Veja nosso cat\u00e1logo!\",\"breadcrumb\":{\"@id\":\"https:\/\/garciquimica.com.br\/quakerhoughton\/catalogo-de-produtos\/usinagem-de-metais\/#breadcrumb\"},\"inLanguage\":\"pt-BR\",\"potentialAction\":[{\"@type\":\"ReadAction\",\"target\":[\"https:\/\/garciquimica.com.br\/quakerhoughton\/catalogo-de-produtos\/usinagem-de-metais\/\"]}]},{\"@type\":\"BreadcrumbList\",\"@id\":\"https:\/\/garciquimica.com.br\/quakerhoughton\/catalogo-de-produtos\/usinagem-de-metais\/#breadcrumb\",\"itemListElement\":[{\"@type\":\"ListItem\",\"position\":1,\"name\":\"In\u00edcio\",\"item\":\"https:\/\/garciquimica.com.br\/quakerhoughton\/\"},{\"@type\":\"ListItem\",\"position\":2,\"name\":\"Cat\u00e1logo de Produtos\",\"item\":\"https:\/\/garciquimica.com.br\/quakerhoughton\/catalogo-de-produtos\/\"},{\"@type\":\"ListItem\",\"position\":3,\"name\":\"Usinagem de Metais\"}]},{\"@type\":\"WebSite\",\"@id\":\"https:\/\/garciquimica.com.br\/quakerhoughton\/#website\",\"url\":\"https:\/\/garciquimica.com.br\/quakerhoughton\/\",\"name\":\"Garc\u00edquimica - Distribuidor Quaker Houghton\",\"description\":\"Saiba mais Sobre a Garciquimica - Quaker Houghton\",\"potentialAction\":[{\"@type\":\"SearchAction\",\"target\":{\"@type\":\"EntryPoint\",\"urlTemplate\":\"https:\/\/garciquimica.com.br\/quakerhoughton\/?s={search_term_string}\"},\"query-input\":\"required name=search_term_string\"}],\"inLanguage\":\"pt-BR\"}]}<\/script>\n<!-- \/ Yoast SEO plugin. -->","yoast_head_json":{"title":"Usinagem de Metais: Produtos Quaker Houghton - Garciqu\u00edmica","description":"Garciqu\u00edmica \u00e9 distribuidora autorizada dos produtos Quaker Houghton. Trabalhamos com Usinagem de Metais e temos \u00f3leos e sol\u00faveis. Veja nosso cat\u00e1logo!","robots":{"index":"index","follow":"follow","max-snippet":"max-snippet:-1","max-image-preview":"max-image-preview:large","max-video-preview":"max-video-preview:-1"},"canonical":"https:\/\/garciquimica.com.br\/quakerhoughton\/catalogo-de-produtos\/usinagem-de-metais\/","og_locale":"pt_BR","og_type":"article","og_title":"Usinagem de Metais: Produtos Quaker Houghton - Garciqu\u00edmica","og_description":"Garciqu\u00edmica \u00e9 distribuidora autorizada dos produtos Quaker Houghton. Trabalhamos com Usinagem de Metais e temos \u00f3leos e sol\u00faveis. Veja nosso cat\u00e1logo!","og_url":"https:\/\/garciquimica.com.br\/quakerhoughton\/catalogo-de-produtos\/usinagem-de-metais\/","og_site_name":"Garc\u00edquimica - Distribuidor Quaker Houghton","article_modified_time":"2023-05-30T17:59:07+00:00","twitter_card":"summary_large_image","twitter_misc":{"Est. tempo de leitura":"4 minutos"},"schema":{"@context":"https:\/\/schema.org","@graph":[{"@type":"WebPage","@id":"https:\/\/garciquimica.com.br\/quakerhoughton\/catalogo-de-produtos\/usinagem-de-metais\/","url":"https:\/\/garciquimica.com.br\/quakerhoughton\/catalogo-de-produtos\/usinagem-de-metais\/","name":"Usinagem de Metais: Produtos Quaker Houghton - Garciqu\u00edmica","isPartOf":{"@id":"https:\/\/garciquimica.com.br\/quakerhoughton\/#website"},"datePublished":"2021-08-20T14:03:58+00:00","dateModified":"2023-05-30T17:59:07+00:00","description":"Garciqu\u00edmica \u00e9 distribuidora autorizada dos produtos Quaker Houghton. Trabalhamos com Usinagem de Metais e temos \u00f3leos e sol\u00faveis. Veja nosso cat\u00e1logo!","breadcrumb":{"@id":"https:\/\/garciquimica.com.br\/quakerhoughton\/catalogo-de-produtos\/usinagem-de-metais\/#breadcrumb"},"inLanguage":"pt-BR","potentialAction":[{"@type":"ReadAction","target":["https:\/\/garciquimica.com.br\/quakerhoughton\/catalogo-de-produtos\/usinagem-de-metais\/"]}]},{"@type":"BreadcrumbList","@id":"https:\/\/garciquimica.com.br\/quakerhoughton\/catalogo-de-produtos\/usinagem-de-metais\/#breadcrumb","itemListElement":[{"@type":"ListItem","position":1,"name":"In\u00edcio","item":"https:\/\/garciquimica.com.br\/quakerhoughton\/"},{"@type":"ListItem","position":2,"name":"Cat\u00e1logo de Produtos","item":"https:\/\/garciquimica.com.br\/quakerhoughton\/catalogo-de-produtos\/"},{"@type":"ListItem","position":3,"name":"Usinagem de Metais"}]},{"@type":"WebSite","@id":"https:\/\/garciquimica.com.br\/quakerhoughton\/#website","url":"https:\/\/garciquimica.com.br\/quakerhoughton\/","name":"Garc\u00edquimica - Distribuidor Quaker Houghton","description":"Saiba mais Sobre a Garciquimica - Quaker Houghton","potentialAction":[{"@type":"SearchAction","target":{"@type":"EntryPoint","urlTemplate":"https:\/\/garciquimica.com.br\/quakerhoughton\/?s={search_term_string}"},"query-input":"required name=search_term_string"}],"inLanguage":"pt-BR"}]}},"_links":{"self":[{"href":"https:\/\/garciquimica.com.br\/quakerhoughton\/wp-json\/wp\/v2\/pages\/2002"}],"collection":[{"href":"https:\/\/garciquimica.com.br\/quakerhoughton\/wp-json\/wp\/v2\/pages"}],"about":[{"href":"https:\/\/garciquimica.com.br\/quakerhoughton\/wp-json\/wp\/v2\/types\/page"}],"author":[{"embeddable":true,"href":"https:\/\/garciquimica.com.br\/quakerhoughton\/wp-json\/wp\/v2\/users\/1"}],"replies":[{"embeddable":true,"href":"https:\/\/garciquimica.com.br\/quakerhoughton\/wp-json\/wp\/v2\/comments?post=2002"}],"version-history":[{"count":6,"href":"https:\/\/garciquimica.com.br\/quakerhoughton\/wp-json\/wp\/v2\/pages\/2002\/revisions"}],"predecessor-version":[{"id":2084,"href":"https:\/\/garciquimica.com.br\/quakerhoughton\/wp-json\/wp\/v2\/pages\/2002\/revisions\/2084"}],"up":[{"embeddable":true,"href":"https:\/\/garciquimica.com.br\/quakerhoughton\/wp-json\/wp\/v2\/pages\/14"}],"wp:attachment":[{"href":"https:\/\/garciquimica.com.br\/quakerhoughton\/wp-json\/wp\/v2\/media?parent=2002"}],"curies":[{"name":"wp","href":"https:\/\/api.w.org\/{rel}","templated":true}]}}