{"id":18,"date":"2015-12-02T10:53:15","date_gmt":"2015-12-02T10:53:15","guid":{"rendered":"http:\/\/theme-fusion.com\/avada\/university\/?page_id=18"},"modified":"2023-05-30T17:59:26","modified_gmt":"2023-05-30T17:59:26","slug":"fale-conosco","status":"publish","type":"page","link":"https:\/\/garciquimica.com.br\/quakerhoughton\/fale-conosco\/","title":{"rendered":"Fale Conosco"},"content":{"rendered":"<div id=\"form\"><div class=\"fusion-fullwidth fullwidth-box fusion-builder-row-1 fusion-flex-container nonhundred-percent-fullwidth non-hundred-percent-height-scrolling\" style=\"background-color: #333c4e;background-position: center center;background-repeat: no-repeat;border-width: 0px 0px 0px 0px;border-color:#e7e4e2;border-style:solid;\" ><div class=\"fusion-builder-row fusion-row fusion-flex-align-items-flex-start\" style=\"max-width:calc( 1280px + 0px );margin-left: calc(-0px \/ 2 );margin-right: calc(-0px \/ 2 );\"><div class=\"fusion-layout-column fusion_builder_column fusion-builder-column-0 fusion_builder_column_1_1 1_1 fusion-flex-column\"><div class=\"fusion-column-wrapper fusion-flex-justify-content-flex-start fusion-content-layout-column\" style=\"background-position:left top;background-repeat:no-repeat;-webkit-background-size:cover;-moz-background-size:cover;-o-background-size:cover;background-size:cover;padding: 0px 0px 0px 0px;\"><div class=\"fusion-text fusion-text-1\"><h3 style=\"text-align: center; font-size: 30px; color: #ffffff;\">Fale com a <span style=\"color: #f09a3e;\">Garciquimica<\/span> Somos distribuidores Quaker Houghton<\/h3>\n<\/div><div class=\"fusion-separator fusion-full-width-sep\" style=\"align-self: center;margin-left: auto;margin-right: auto;margin-top:-25px;width:100%;\"><\/div><div class=\"fusion-text fusion-text-2\"><p style=\"text-align: center; font-size: 20px;\">Temos uma equipe pronta para atender voc\u00ea.<\/p>\n<\/div><div class=\"fusion-separator fusion-full-width-sep\" style=\"align-self: center;margin-left: auto;margin-right: auto;margin-top:15px;width:100%;\"><\/div>\n<div class=\"wpcf7 no-js\" id=\"wpcf7-f1788-o1\" lang=\"en-US\" dir=\"ltr\">\n<div class=\"screen-reader-response\"><p role=\"status\" aria-live=\"polite\" aria-atomic=\"true\"><\/p> <ul><\/ul><\/div>\n<form action=\"\/quakerhoughton\/wp-json\/wp\/v2\/pages\/18#wpcf7-f1788-o1\" method=\"post\" class=\"wpcf7-form init\" aria-label=\"Contact form\" novalidate=\"novalidate\" data-status=\"init\">\n<div style=\"display: none;\">\n<input type=\"hidden\" name=\"_wpcf7\" value=\"1788\" \/>\n<input type=\"hidden\" name=\"_wpcf7_version\" value=\"5.9.3\" \/>\n<input type=\"hidden\" name=\"_wpcf7_locale\" value=\"en_US\" \/>\n<input type=\"hidden\" name=\"_wpcf7_unit_tag\" value=\"wpcf7-f1788-o1\" \/>\n<input type=\"hidden\" name=\"_wpcf7_container_post\" value=\"0\" \/>\n<input type=\"hidden\" name=\"_wpcf7_posted_data_hash\" value=\"\" \/>\n<\/div>\n<div class=\"contact-fale-conosco-lp-quakerhoughton-act\">\n\t<div style=\"margin-bottom: 40px;\" class=\"fusion-one-third fusion-layout-column fusion-spacing-yes\">\n\t\t<p><span class=\"wpcf7-form-control-wrap\" data-name=\"your-name\"><input size=\"40\" class=\"wpcf7-form-control wpcf7-text wpcf7-validates-as-required\" aria-required=\"true\" aria-invalid=\"false\" placeholder=\"Nome\" value=\"\" type=\"text\" name=\"your-name\" \/><\/span>\n\t\t<\/p>\n\t<\/div>\n\t<div style=\"margin-bottom: 40px;\" class=\"fusion-one-third fusion-layout-column fusion-spacing-yes\">\n\t\t<p><span class=\"wpcf7-form-control-wrap\" data-name=\"your-email\"><input size=\"40\" class=\"wpcf7-form-control wpcf7-email wpcf7-validates-as-required wpcf7-text wpcf7-validates-as-email\" aria-required=\"true\" aria-invalid=\"false\" placeholder=\"Email\" value=\"\" type=\"email\" name=\"your-email\" \/><\/span>\n\t\t<\/p>\n\t<\/div>\n\t<div style=\"margin-bottom: 40px;\" class=\"fusion-one-third fusion-layout-column fusion-column-last fusion-spacing-yes\">\n\t\t<p><span class=\"wpcf7-form-control-wrap\" data-name=\"assunto\"><input size=\"40\" class=\"wpcf7-form-control wpcf7-text wpcf7-validates-as-required\" aria-required=\"true\" aria-invalid=\"false\" placeholder=\"Assunto\" value=\"\" type=\"text\" name=\"assunto\" \/><\/span>\n\t\t<\/p>\n\t<\/div>\n\t<p style=\"margin-bottom: 40px;\"><span class=\"wpcf7-form-control-wrap\" data-name=\"your-message\"><textarea cols=\"40\" rows=\"10\" class=\"wpcf7-form-control wpcf7-textarea\" aria-invalid=\"false\" placeholder=\"Sua Mensagem\" name=\"your-message\"><\/textarea><\/span>\n\t<\/p>\n\t<div class=\"row m-bottom-20\">\n\t\t<div class=\"col-lg-6\">\n\t\t\t<div class=\"form-group\">\n\t\t\t\t<p>Aceito receber comunica\u00e7\u00f5es via e-mail:<span class=\"wpcf7-form-control-wrap\" data-name=\"aceite\"><span class=\"wpcf7-form-control wpcf7-radio\"><span class=\"wpcf7-list-item first\"><label><input type=\"radio\" name=\"aceite\" value=\"Sim\" \/><span class=\"wpcf7-list-item-label\">Sim<\/span><\/label><\/span><span class=\"wpcf7-list-item last\"><label><input type=\"radio\" name=\"aceite\" value=\"N\u00e3o\" \/><span class=\"wpcf7-list-item-label\">N\u00e3o<\/span><\/label><\/span><\/span><\/span>\n\t\t\t\t<\/p>\n\t\t\t<\/div>\n\t\t\t<div>\n\t\t\t\t<p>Ao informar seus dados concorda com nossa <a href=\"\/politica-de-privacidade\" title=\"Pol\u00edtica de Privacidade\" target=\"_blank\"> Pol\u00edtica de Privacidade.<\/a>\n\t\t\t\t<\/p>\n\t\t\t<\/div>\n\t\t<\/div>\n\t<\/div>\n\t<p><input class=\"wpcf7-form-control wpcf7-submit has-spinner\" type=\"submit\" value=\"Send\" \/>\n\t<\/p>\n<\/div><div class=\"fusion-alert alert custom alert-custom fusion-alert-center wpcf7-response-output fusion-alert-capitalize alert-dismissable\" style=\"border-width:1px;\"><button type=\"button\" class=\"close toggle-alert\" data-dismiss=\"alert\" aria-hidden=\"true\">&times;<\/button><div class=\"fusion-alert-content-wrapper\"><span class=\"fusion-alert-content\"><\/span><\/div><\/div>\n<\/form>\n<\/div>\n<\/div><\/div><style type=\"text\/css\">.fusion-body .fusion-builder-column-0{width:100% !important;margin-top : 10px;margin-bottom : 10px;}.fusion-builder-column-0 > .fusion-column-wrapper {padding-top : 0px !important;padding-right : 0px !important;margin-right : 0px;padding-bottom : 0px !important;padding-left : 0px !important;margin-left : 0px;}@media only screen and (max-width:1024px) {.fusion-body .fusion-builder-column-0{width:100% !important;}.fusion-builder-column-0 > .fusion-column-wrapper {margin-right : 0px;margin-left : 0px;}}@media only screen and (max-width:640px) {.fusion-body .fusion-builder-column-0{width:100% !important;}.fusion-builder-column-0 > .fusion-column-wrapper {margin-right : 0px;margin-left : 0px;}}<\/style><\/div><style type=\"text\/css\">.fusion-body .fusion-flex-container.fusion-builder-row-1{ padding-top : 70px;margin-top : 0px;padding-right : 0px;padding-bottom : 90px;margin-bottom : 0px;padding-left : 0px;}@media only screen and (max-width:640px) {.fusion-body .fusion-flex-container.fusion-builder-row-1{ padding-right : 50px;padding-left : 50px;}}<\/style><\/div><\/div>\n","protected":false},"excerpt":{"rendered":"","protected":false},"author":1,"featured_media":0,"parent":0,"menu_order":0,"comment_status":"closed","ping_status":"closed","template":"100-width.php","meta":{"footnotes":""},"yoast_head":"<!-- This site is optimized with the Yoast SEO plugin v22.4 - https:\/\/yoast.com\/wordpress\/plugins\/seo\/ -->\n<title>Distribuidora Quaker Houghton: Fale Conosco - Garciqu\u00edmica<\/title>\n<meta name=\"description\" content=\"A Garciqu\u00edmica \u00e9 distribuidora autorizada dos produtos Quaker Houghton. Acesse e veja nosso cat\u00e1logo de produtos. Entre em contato com nossa equipe!\" \/>\n<meta name=\"robots\" content=\"index, follow, max-snippet:-1, max-image-preview:large, max-video-preview:-1\" \/>\n<link rel=\"canonical\" href=\"https:\/\/garciquimica.com.br\/quakerhoughton\/fale-conosco\/\" \/>\n<meta property=\"og:locale\" content=\"pt_BR\" \/>\n<meta property=\"og:type\" content=\"article\" \/>\n<meta property=\"og:title\" content=\"Distribuidora Quaker Houghton: Fale Conosco - Garciqu\u00edmica\" \/>\n<meta property=\"og:description\" content=\"A Garciqu\u00edmica \u00e9 distribuidora autorizada dos produtos Quaker Houghton. Acesse e veja nosso cat\u00e1logo de produtos. Entre em contato com nossa equipe!\" \/>\n<meta property=\"og:url\" content=\"https:\/\/garciquimica.com.br\/quakerhoughton\/fale-conosco\/\" \/>\n<meta property=\"og:site_name\" content=\"Garc\u00edquimica - Distribuidor Quaker Houghton\" \/>\n<meta property=\"article:modified_time\" content=\"2023-05-30T17:59:26+00:00\" \/>\n<meta name=\"twitter:card\" content=\"summary_large_image\" \/>\n<meta name=\"twitter:label1\" content=\"Est. tempo de leitura\" \/>\n\t<meta name=\"twitter:data1\" content=\"2 minutos\" \/>\n<script type=\"application\/ld+json\" class=\"yoast-schema-graph\">{\"@context\":\"https:\/\/schema.org\",\"@graph\":[{\"@type\":\"WebPage\",\"@id\":\"https:\/\/garciquimica.com.br\/quakerhoughton\/fale-conosco\/\",\"url\":\"https:\/\/garciquimica.com.br\/quakerhoughton\/fale-conosco\/\",\"name\":\"Distribuidora Quaker Houghton: Fale Conosco - Garciqu\u00edmica\",\"isPartOf\":{\"@id\":\"https:\/\/garciquimica.com.br\/quakerhoughton\/#website\"},\"datePublished\":\"2015-12-02T10:53:15+00:00\",\"dateModified\":\"2023-05-30T17:59:26+00:00\",\"description\":\"A Garciqu\u00edmica \u00e9 distribuidora autorizada dos produtos Quaker Houghton. Acesse e veja nosso cat\u00e1logo de produtos. Entre em contato com nossa equipe!\",\"breadcrumb\":{\"@id\":\"https:\/\/garciquimica.com.br\/quakerhoughton\/fale-conosco\/#breadcrumb\"},\"inLanguage\":\"pt-BR\",\"potentialAction\":[{\"@type\":\"ReadAction\",\"target\":[\"https:\/\/garciquimica.com.br\/quakerhoughton\/fale-conosco\/\"]}]},{\"@type\":\"BreadcrumbList\",\"@id\":\"https:\/\/garciquimica.com.br\/quakerhoughton\/fale-conosco\/#breadcrumb\",\"itemListElement\":[{\"@type\":\"ListItem\",\"position\":1,\"name\":\"In\u00edcio\",\"item\":\"https:\/\/garciquimica.com.br\/quakerhoughton\/\"},{\"@type\":\"ListItem\",\"position\":2,\"name\":\"Fale Conosco\"}]},{\"@type\":\"WebSite\",\"@id\":\"https:\/\/garciquimica.com.br\/quakerhoughton\/#website\",\"url\":\"https:\/\/garciquimica.com.br\/quakerhoughton\/\",\"name\":\"Garc\u00edquimica - Distribuidor Quaker Houghton\",\"description\":\"Saiba mais Sobre a Garciquimica - Quaker Houghton\",\"potentialAction\":[{\"@type\":\"SearchAction\",\"target\":{\"@type\":\"EntryPoint\",\"urlTemplate\":\"https:\/\/garciquimica.com.br\/quakerhoughton\/?s={search_term_string}\"},\"query-input\":\"required name=search_term_string\"}],\"inLanguage\":\"pt-BR\"}]}<\/script>\n<!-- \/ Yoast SEO plugin. -->","yoast_head_json":{"title":"Distribuidora Quaker Houghton: Fale Conosco - Garciqu\u00edmica","description":"A Garciqu\u00edmica \u00e9 distribuidora autorizada dos produtos Quaker Houghton. Acesse e veja nosso cat\u00e1logo de produtos. Entre em contato com nossa equipe!","robots":{"index":"index","follow":"follow","max-snippet":"max-snippet:-1","max-image-preview":"max-image-preview:large","max-video-preview":"max-video-preview:-1"},"canonical":"https:\/\/garciquimica.com.br\/quakerhoughton\/fale-conosco\/","og_locale":"pt_BR","og_type":"article","og_title":"Distribuidora Quaker Houghton: Fale Conosco - Garciqu\u00edmica","og_description":"A Garciqu\u00edmica \u00e9 distribuidora autorizada dos produtos Quaker Houghton. Acesse e veja nosso cat\u00e1logo de produtos. Entre em contato com nossa equipe!","og_url":"https:\/\/garciquimica.com.br\/quakerhoughton\/fale-conosco\/","og_site_name":"Garc\u00edquimica - Distribuidor Quaker Houghton","article_modified_time":"2023-05-30T17:59:26+00:00","twitter_card":"summary_large_image","twitter_misc":{"Est. tempo de leitura":"2 minutos"},"schema":{"@context":"https:\/\/schema.org","@graph":[{"@type":"WebPage","@id":"https:\/\/garciquimica.com.br\/quakerhoughton\/fale-conosco\/","url":"https:\/\/garciquimica.com.br\/quakerhoughton\/fale-conosco\/","name":"Distribuidora Quaker Houghton: Fale Conosco - Garciqu\u00edmica","isPartOf":{"@id":"https:\/\/garciquimica.com.br\/quakerhoughton\/#website"},"datePublished":"2015-12-02T10:53:15+00:00","dateModified":"2023-05-30T17:59:26+00:00","description":"A Garciqu\u00edmica \u00e9 distribuidora autorizada dos produtos Quaker Houghton. Acesse e veja nosso cat\u00e1logo de produtos. Entre em contato com nossa equipe!","breadcrumb":{"@id":"https:\/\/garciquimica.com.br\/quakerhoughton\/fale-conosco\/#breadcrumb"},"inLanguage":"pt-BR","potentialAction":[{"@type":"ReadAction","target":["https:\/\/garciquimica.com.br\/quakerhoughton\/fale-conosco\/"]}]},{"@type":"BreadcrumbList","@id":"https:\/\/garciquimica.com.br\/quakerhoughton\/fale-conosco\/#breadcrumb","itemListElement":[{"@type":"ListItem","position":1,"name":"In\u00edcio","item":"https:\/\/garciquimica.com.br\/quakerhoughton\/"},{"@type":"ListItem","position":2,"name":"Fale Conosco"}]},{"@type":"WebSite","@id":"https:\/\/garciquimica.com.br\/quakerhoughton\/#website","url":"https:\/\/garciquimica.com.br\/quakerhoughton\/","name":"Garc\u00edquimica - Distribuidor Quaker Houghton","description":"Saiba mais Sobre a Garciquimica - Quaker Houghton","potentialAction":[{"@type":"SearchAction","target":{"@type":"EntryPoint","urlTemplate":"https:\/\/garciquimica.com.br\/quakerhoughton\/?s={search_term_string}"},"query-input":"required name=search_term_string"}],"inLanguage":"pt-BR"}]}},"_links":{"self":[{"href":"https:\/\/garciquimica.com.br\/quakerhoughton\/wp-json\/wp\/v2\/pages\/18"}],"collection":[{"href":"https:\/\/garciquimica.com.br\/quakerhoughton\/wp-json\/wp\/v2\/pages"}],"about":[{"href":"https:\/\/garciquimica.com.br\/quakerhoughton\/wp-json\/wp\/v2\/types\/page"}],"author":[{"embeddable":true,"href":"https:\/\/garciquimica.com.br\/quakerhoughton\/wp-json\/wp\/v2\/users\/1"}],"replies":[{"embeddable":true,"href":"https:\/\/garciquimica.com.br\/quakerhoughton\/wp-json\/wp\/v2\/comments?post=18"}],"version-history":[{"count":6,"href":"https:\/\/garciquimica.com.br\/quakerhoughton\/wp-json\/wp\/v2\/pages\/18\/revisions"}],"predecessor-version":[{"id":2069,"href":"https:\/\/garciquimica.com.br\/quakerhoughton\/wp-json\/wp\/v2\/pages\/18\/revisions\/2069"}],"wp:attachment":[{"href":"https:\/\/garciquimica.com.br\/quakerhoughton\/wp-json\/wp\/v2\/media?parent=18"}],"curies":[{"name":"wp","href":"https:\/\/api.w.org\/{rel}","templated":true}]}}