{"id":2034,"date":"2020-11-10T00:06:50","date_gmt":"2020-11-10T00:06:50","guid":{"rendered":"https:\/\/garciquimica.com.br\/henkel\/?page_id=2034"},"modified":"2023-07-25T13:01:05","modified_gmt":"2023-07-25T13:01:05","slug":"relacao-de-produtos-technomelt","status":"publish","type":"page","link":"https:\/\/garciquimica.com.br\/henkel\/catalogo-de-produtos\/relacao-de-produtos-technomelt\/","title":{"rendered":"Rela\u00e7\u00e3o de Produtos Technomelt"},"content":{"rendered":"<p><div class=\"fusion-fullwidth fullwidth-box fusion-builder-row-1 fusion-flex-container nonhundred-percent-fullwidth non-hundred-percent-height-scrolling\" style=\"background-color: rgba(255,255,255,0);background-position: center center;background-repeat: no-repeat;border-width: 0px 0px 0px 0px;border-color:#e7e4e2;border-style:solid;\" ><div class=\"fusion-builder-row fusion-row fusion-flex-align-items-flex-start\" style=\"max-width:1331.2px;margin-left: calc(-4% \/ 2 );margin-right: calc(-4% \/ 2 );\"><div class=\"fusion-layout-column fusion_builder_column fusion-builder-column-0 fusion_builder_column_1_1 1_1 fusion-flex-column\"><div class=\"fusion-column-wrapper fusion-flex-justify-content-flex-start fusion-content-layout-column\" style=\"background-position:left top;background-repeat:no-repeat;-webkit-background-size:cover;-moz-background-size:cover;-o-background-size:cover;background-size:cover;padding: 0px 0px 0px 0px;\"><div class=\"fusion-text fusion-text-1\"><p>Lan\u00e7ado na d\u00e9cada de 1960, os adesivos TECHNOMELT\u00a0t\u00eam: confiabilidade, qualidade, resultados comprovados, al\u00e9m de oferecerem custo de uso e efici\u00eancia superiores.<\/p>\n<p>S\u00e3o amplamente utilizados em diversos e diferentes mercados como: eletr\u00f4nico, m\u00e9dico, automotivo, de higiene pessoal, de m\u00f3veis, de embalagens, dentre outros.<\/p>\n<p>O TECHNOMELT\u00a0da Henkel \u00e9 a principal escolha de adesivos Hot Melt, projetados para os melhores resultados em processos de produ\u00e7\u00e3o e em produtos finais. Os adesivos Hot Melt\u00a0s\u00e3o desenvolvidos para v\u00e1rias aplica\u00e7\u00f5es que necessitam de processamento simplificado, manufatura otimizada e prote\u00e7\u00e3o do produto final.<\/p>\n<p>Esses tipos de adesivos s\u00e3o desenvolvidos para serem s\u00f3lidos \u00e0 temperatura ambiente, mas se tornam l\u00edquidos quando aquecidos, permitindo a aplica\u00e7\u00e3o f\u00e1cil e precisa. Ap\u00f3s o resfriamento, eles se solidificam novamente, criando uma uni\u00e3o forte entre os materiais.<\/p>\n<p>Conhecidos por sua versatilidade, facilidade de uso, resist\u00eancia ao envelhecimento e excelente desempenho em v\u00e1rias condi\u00e7\u00f5es ambientais. Sua capacidade de aderir a uma ampla gama de materiais, como: pl\u00e1stico, metal, vidro e papel\u00e3o, os torna uma escolha popular em muitas ind\u00fastrias.<\/p>\n<p>Al\u00e9m disso, oferecem uma excelente rela\u00e7\u00e3o custo-desempenho, aplica\u00e7\u00e3o f\u00e1cil e confi\u00e1vel, possuem formula\u00e7\u00f5es sustent\u00e1veis e de base biol\u00f3gica, atendem \u00e0 conformidade regulamentar global e aos requisitos dos produtos.<\/p>\n<p>O portf\u00f3lio de produtos da Henkel inclui solu\u00e7\u00f5es inovadoras como adesivos Hot Melt e solu\u00e7\u00f5es sustent\u00e1veis para consolidar e melhorar o seu neg\u00f3cio. Confira:<\/p>\n<\/div><\/div><\/div><style type=\"text\/css\">.fusion-body .fusion-builder-column-0{width:100% !important;margin-top : 10px;margin-bottom : 10px;}.fusion-builder-column-0 > .fusion-column-wrapper {padding-top : 0px !important;padding-right : 0px !important;margin-right : 1.92%;padding-bottom : 0px !important;padding-left : 0px !important;margin-left : 1.92%;}@media only screen and (max-width:1024px) {.fusion-body .fusion-builder-column-0{width:100% !important;order : 0;}.fusion-builder-column-0 > .fusion-column-wrapper {margin-right : 1.92%;margin-left : 1.92%;}}@media only screen and (max-width:640px) {.fusion-body .fusion-builder-column-0{width:100% !important;order : 0;}.fusion-builder-column-0 > .fusion-column-wrapper {margin-right : 1.92%;margin-left : 1.92%;}}<\/style><\/div><style type=\"text\/css\">.fusion-body .fusion-flex-container.fusion-builder-row-1{ padding-top : 0px;margin-top : 0px;padding-right : 0px;padding-bottom : 0px;margin-bottom : 0px;padding-left : 0px;}<\/style><\/div><div class=\"fusion-fullwidth fullwidth-box fusion-builder-row-2 fusion-flex-container nonhundred-percent-fullwidth non-hundred-percent-height-scrolling\" style=\"background-color: rgba(255,255,255,0);background-position: center center;background-repeat: no-repeat;border-width: 0px 0px 0px 0px;border-color:#e7e4e2;border-style:solid;\" ><div class=\"fusion-builder-row fusion-row fusion-flex-align-items-flex-start\" style=\"max-width:1331.2px;margin-left: calc(-4% \/ 2 );margin-right: calc(-4% \/ 2 );\"><div class=\"fusion-layout-column fusion_builder_column fusion-builder-column-1 fusion_builder_column_1_1 1_1 fusion-flex-column\"><div class=\"fusion-column-wrapper fusion-flex-justify-content-flex-start fusion-content-layout-column\" style=\"background-position:left top;background-repeat:no-repeat;-webkit-background-size:cover;-moz-background-size:cover;-o-background-size:cover;background-size:cover;padding: 0px 0px 0px 0px;\"><div style=\"text-align:center;\"><span class=\" fusion-imageframe imageframe-none imageframe-1 hover-type-none\" style=\"width:100%;max-width:100%;margin-bottom:50px;\"><img decoding=\"async\" width=\"1112\" image_height=\"100\" image_id=\"2106\" alt=\"technomelt\" title=\"technomelt\" src=\"https:\/\/garciquimica.com.br\/henkel\/wp-content\/uploads\/2022\/05\/top-technomelt.jpg\" class=\"img-responsive wp-image-2106\" srcset=\"https:\/\/garciquimica.com.br\/henkel\/wp-content\/uploads\/2022\/05\/top-technomelt-200x18.jpg 200w, https:\/\/garciquimica.com.br\/henkel\/wp-content\/uploads\/2022\/05\/top-technomelt-400x36.jpg 400w, https:\/\/garciquimica.com.br\/henkel\/wp-content\/uploads\/2022\/05\/top-technomelt-600x54.jpg 600w, https:\/\/garciquimica.com.br\/henkel\/wp-content\/uploads\/2022\/05\/top-technomelt-800x72.jpg 800w, https:\/\/garciquimica.com.br\/henkel\/wp-content\/uploads\/2022\/05\/top-technomelt.jpg 1112w\" sizes=\"(max-width: 1024px) 100vw, (max-width: 640px) 100vw, 1112px\" \/><\/span><\/div><div class=\"fusion-tabs fusion-tabs-1 classic fusion-no-small-visibility vertical-tabs icon-position-left\"><style type=\"text\/css\">.fusion-tabs.fusion-tabs-1 .nav-tabs li a.tab-link{border-top-color:#faf9f8;background-color:#faf9f8;}.fusion-tabs.fusion-tabs-1 .nav-tabs{background-color:#ffffff;}.fusion-tabs.fusion-tabs-1 .nav-tabs li.active a.tab-link,.fusion-tabs.fusion-tabs-1 .nav-tabs li.active a.tab-link:hover,.fusion-tabs.fusion-tabs-1 .nav-tabs li.active a.tab-link:focus{border-right-color:#ffffff;}.fusion-tabs.fusion-tabs-1 .nav-tabs li.active a.tab-link,.fusion-tabs.fusion-tabs-1 .nav-tabs li.active a.tab-link:hover,.fusion-tabs.fusion-tabs-1 .nav-tabs li.active a.tab-link:focus{background-color:#ffffff;}.fusion-tabs.fusion-tabs-1 .nav-tabs li a:hover{background-color:#ffffff;border-top-color:#ffffff;}.fusion-tabs.fusion-tabs-1 .tab-pane{background-color:#ffffff;}.fusion-tabs.fusion-tabs-1 .nav,.fusion-tabs.fusion-tabs-1 .nav-tabs,.fusion-tabs.fusion-tabs-1 .tab-content .tab-pane{border-color:#ede8e8;}<\/style><div class=\"nav\"><ul class=\"nav-tabs\"><li class=\"active\"><a class=\"tab-link\" data-toggle=\"tab\" id=\"fusion-tab-adesivohotmelt\" href=\"#tab-1d4fa6a2cc6eb7125b6\"><h4 class=\"fusion-tab-heading\">Adesivo Hot Melt<\/h4><\/a><\/li><li><a class=\"tab-link\" data-toggle=\"tab\" id=\"fusion-tab-hotmeltcleaner\" href=\"#tab-78556ff103556eb9623\"><h4 class=\"fusion-tab-heading\">Hot Melt Cleaner<\/h4><\/a><\/li><\/ul><\/div><div class=\"tab-content\"><div class=\"nav fusion-mobile-tab-nav\"><ul class=\"nav-tabs\"><li class=\"active\"><a class=\"tab-link\" data-toggle=\"tab\" id=\"mobile-fusion-tab-adesivohotmelt\" href=\"#tab-1d4fa6a2cc6eb7125b6\"><h4 class=\"fusion-tab-heading\">Adesivo Hot Melt<\/h4><\/a><\/li><\/ul><\/div><div class=\"tab-pane fade fusion-clearfix in active\" id=\"tab-1d4fa6a2cc6eb7125b6\">\n<table style=\"font-size: 11px;\" width=\"100%\">\n<tbody>\n<tr style=\"border: 1px solid #da3b09; background-color: #da3b09; color: white; font-size: 11px;\">\n<td>Produto<\/td>\n<td>Aplica\u00e7\u00e3o<\/td>\n<td>Embalagem<\/td>\n<\/tr>\n<tr>\n<td>TECHNOMELT DM 7112<\/td>\n<td>Adesivo para lateral de livros<\/td>\n<td>CX 14 kg<\/td>\n<\/tr>\n<tr>\n<td>TECHNOMELT GA 3170<\/td>\n<td>Adesivo para lombada de livros<\/td>\n<td>SC 25 kG<\/td>\n<\/tr>\n<tr>\n<td>TECHNOMELT GA 4000<\/td>\n<td>Adesivo para lombada de livros<\/td>\n<td>SC 25 kg<\/td>\n<\/tr>\n<tr>\n<td>TECHNOMELT 316<\/td>\n<td>Adesivo para caixas e cartuchos<\/td>\n<td>SC 25 kg<\/td>\n<\/tr>\n<tr>\n<td>TECHNOMELT 715<\/td>\n<td>Adesivo para embalagens de dif\u00edcil ades\u00e3o<\/td>\n<td>SC 25 kg<\/td>\n<\/tr>\n<tr>\n<td>TECHNOMELT SUPRA 100<\/td>\n<td>Adesivo para embalagens geladas<\/td>\n<td>SC 25 kg<\/td>\n<\/tr>\n<tr>\n<td>TECHNOMELT SUPRA 351<\/td>\n<td>Adesivo para embalagens super geladas<\/td>\n<td>SC 25 kg<\/td>\n<\/tr>\n<\/tbody>\n<\/table>\n<\/div><div class=\"nav fusion-mobile-tab-nav\"><ul class=\"nav-tabs\"><li><a class=\"tab-link\" data-toggle=\"tab\" id=\"mobile-fusion-tab-hotmeltcleaner\" href=\"#tab-78556ff103556eb9623\"><h4 class=\"fusion-tab-heading\">Hot Melt Cleaner<\/h4><\/a><\/li><\/ul><\/div><div class=\"tab-pane fade fusion-clearfix\" id=\"tab-78556ff103556eb9623\">\n<table style=\"font-size: 11px;\" width=\"100%\">\n<tbody>\n<tr style=\"border: 1px solid #da3b09; background-color: #da3b09; color: white; font-size: 11px;\">\n<td width=\"190\">Produto<\/td>\n<td width=\"204\">Aplica\u00e7\u00e3o<\/td>\n<td width=\"83\">Embalagem<\/td>\n<\/tr>\n<tr>\n<td>TECHNOMEL CLEANER 1940<\/td>\n<td>Limpeza do coleiro<\/td>\n<td>BO 15 kg<\/td>\n<\/tr>\n<tr>\n<td>TECHNOMELT PUR CLEANER 2<\/td>\n<td>Purga do sistema coleiro<\/td>\n<td>SC 20 kg<\/td>\n<\/tr>\n<\/tbody>\n<\/table>\n<\/div><\/div><\/div><\/div><\/div><style type=\"text\/css\">.fusion-body .fusion-builder-column-1{width:100% !important;margin-top : 10px;margin-bottom : 10px;}.fusion-builder-column-1 > .fusion-column-wrapper {padding-top : 0px !important;padding-right : 0px !important;margin-right : 1.92%;padding-bottom : 0px !important;padding-left : 0px !important;margin-left : 1.92%;}@media only screen and (max-width:1024px) {.fusion-body .fusion-builder-column-1{width:100% !important;order : 0;}.fusion-builder-column-1 > .fusion-column-wrapper {margin-right : 1.92%;margin-left : 1.92%;}}@media only screen and (max-width:640px) {.fusion-body .fusion-builder-column-1{width:100% !important;order : 0;}.fusion-builder-column-1 > .fusion-column-wrapper {margin-right : 1.92%;margin-left : 1.92%;}}<\/style><\/div><style type=\"text\/css\">.fusion-body .fusion-flex-container.fusion-builder-row-2{ padding-top : 0px;margin-top : 0px;padding-right : 0px;padding-bottom : 0px;margin-bottom : 0px;padding-left : 0px;}<\/style><\/div><\/p>\n","protected":false},"excerpt":{"rendered":"","protected":false},"author":1,"featured_media":0,"parent":14,"menu_order":0,"comment_status":"closed","ping_status":"closed","template":"","meta":{"footnotes":""},"yoast_head":"<!-- This site is optimized with the Yoast SEO plugin v22.4 - https:\/\/yoast.com\/wordpress\/plugins\/seo\/ -->\n<title>Produtos Henkel: Veja a linha Technomelt - Garciqu\u00edmica<\/title>\n<meta name=\"description\" content=\"Garciqu\u00edmica \u00e9 distribuidora autorizada dos produtos Henkel. Trabalhamos com a marca Technomelt e seus Adesivos Hot Melt e Melt Cleaner. Veja o cat\u00e1logo!\" \/>\n<meta name=\"robots\" content=\"index, follow, max-snippet:-1, max-image-preview:large, max-video-preview:-1\" \/>\n<link rel=\"canonical\" href=\"https:\/\/garciquimica.com.br\/henkel\/catalogo-de-produtos\/relacao-de-produtos-technomelt\/\" \/>\n<meta property=\"og:locale\" content=\"pt_BR\" \/>\n<meta property=\"og:type\" content=\"article\" \/>\n<meta property=\"og:title\" content=\"Produtos Henkel: Veja a linha Technomelt - Garciqu\u00edmica\" \/>\n<meta property=\"og:description\" content=\"Garciqu\u00edmica \u00e9 distribuidora autorizada dos produtos Henkel. Trabalhamos com a marca Technomelt e seus Adesivos Hot Melt e Melt Cleaner. Veja o cat\u00e1logo!\" \/>\n<meta property=\"og:url\" content=\"https:\/\/garciquimica.com.br\/henkel\/catalogo-de-produtos\/relacao-de-produtos-technomelt\/\" \/>\n<meta property=\"og:site_name\" content=\"Garc\u00edquimica - Distribuidor Henkel\" \/>\n<meta property=\"article:publisher\" content=\"https:\/\/www.facebook.com\/Garciqumica-110534084040749\" \/>\n<meta property=\"article:modified_time\" content=\"2023-07-25T13:01:05+00:00\" \/>\n<meta name=\"twitter:card\" content=\"summary_large_image\" \/>\n<meta name=\"twitter:label1\" content=\"Est. tempo de leitura\" \/>\n\t<meta name=\"twitter:data1\" content=\"7 minutos\" \/>\n<script type=\"application\/ld+json\" class=\"yoast-schema-graph\">{\"@context\":\"https:\/\/schema.org\",\"@graph\":[{\"@type\":\"WebPage\",\"@id\":\"https:\/\/garciquimica.com.br\/henkel\/catalogo-de-produtos\/relacao-de-produtos-technomelt\/\",\"url\":\"https:\/\/garciquimica.com.br\/henkel\/catalogo-de-produtos\/relacao-de-produtos-technomelt\/\",\"name\":\"Produtos Henkel: Veja a linha Technomelt - Garciqu\u00edmica\",\"isPartOf\":{\"@id\":\"https:\/\/garciquimica.com.br\/henkel\/#website\"},\"datePublished\":\"2020-11-10T00:06:50+00:00\",\"dateModified\":\"2023-07-25T13:01:05+00:00\",\"description\":\"Garciqu\u00edmica \u00e9 distribuidora autorizada dos produtos Henkel. Trabalhamos com a marca Technomelt e seus Adesivos Hot Melt e Melt Cleaner. Veja o cat\u00e1logo!\",\"breadcrumb\":{\"@id\":\"https:\/\/garciquimica.com.br\/henkel\/catalogo-de-produtos\/relacao-de-produtos-technomelt\/#breadcrumb\"},\"inLanguage\":\"pt-BR\",\"potentialAction\":[{\"@type\":\"ReadAction\",\"target\":[\"https:\/\/garciquimica.com.br\/henkel\/catalogo-de-produtos\/relacao-de-produtos-technomelt\/\"]}]},{\"@type\":\"BreadcrumbList\",\"@id\":\"https:\/\/garciquimica.com.br\/henkel\/catalogo-de-produtos\/relacao-de-produtos-technomelt\/#breadcrumb\",\"itemListElement\":[{\"@type\":\"ListItem\",\"position\":1,\"name\":\"In\u00edcio\",\"item\":\"https:\/\/garciquimica.com.br\/henkel\/\"},{\"@type\":\"ListItem\",\"position\":2,\"name\":\"Cat\u00e1logo de Produtos\",\"item\":\"https:\/\/garciquimica.com.br\/henkel\/catalogo-de-produtos\/\"},{\"@type\":\"ListItem\",\"position\":3,\"name\":\"Rela\u00e7\u00e3o de Produtos Technomelt\"}]},{\"@type\":\"WebSite\",\"@id\":\"https:\/\/garciquimica.com.br\/henkel\/#website\",\"url\":\"https:\/\/garciquimica.com.br\/henkel\/\",\"name\":\"Garc\u00edquimica - Distribuidor Henkel\",\"description\":\"Saiba mais Sobre a Garciquimica - Henkel\",\"publisher\":{\"@id\":\"https:\/\/garciquimica.com.br\/henkel\/#organization\"},\"potentialAction\":[{\"@type\":\"SearchAction\",\"target\":{\"@type\":\"EntryPoint\",\"urlTemplate\":\"https:\/\/garciquimica.com.br\/henkel\/?s={search_term_string}\"},\"query-input\":\"required name=search_term_string\"}],\"inLanguage\":\"pt-BR\"},{\"@type\":\"Organization\",\"@id\":\"https:\/\/garciquimica.com.br\/henkel\/#organization\",\"name\":\"Garc\u00edquimica - Distribuidor Henkel\",\"url\":\"https:\/\/garciquimica.com.br\/henkel\/\",\"logo\":{\"@type\":\"ImageObject\",\"inLanguage\":\"pt-BR\",\"@id\":\"https:\/\/garciquimica.com.br\/henkel\/#\/schema\/logo\/image\/\",\"url\":\"https:\/\/garciquimica.com.br\/henkel\/wp-content\/uploads\/2020\/10\/logo-garciquimica-henkel.png\",\"contentUrl\":\"https:\/\/garciquimica.com.br\/henkel\/wp-content\/uploads\/2020\/10\/logo-garciquimica-henkel.png\",\"width\":362,\"height\":89,\"caption\":\"Garc\u00edquimica - Distribuidor Henkel\"},\"image\":{\"@id\":\"https:\/\/garciquimica.com.br\/henkel\/#\/schema\/logo\/image\/\"},\"sameAs\":[\"https:\/\/www.facebook.com\/Garciqumica-110534084040749\",\"https:\/\/www.instagram.com\/garciquimica\/\"]}]}<\/script>\n<!-- \/ Yoast SEO plugin. -->","yoast_head_json":{"title":"Produtos Henkel: Veja a linha Technomelt - Garciqu\u00edmica","description":"Garciqu\u00edmica \u00e9 distribuidora autorizada dos produtos Henkel. Trabalhamos com a marca Technomelt e seus Adesivos Hot Melt e Melt Cleaner. Veja o cat\u00e1logo!","robots":{"index":"index","follow":"follow","max-snippet":"max-snippet:-1","max-image-preview":"max-image-preview:large","max-video-preview":"max-video-preview:-1"},"canonical":"https:\/\/garciquimica.com.br\/henkel\/catalogo-de-produtos\/relacao-de-produtos-technomelt\/","og_locale":"pt_BR","og_type":"article","og_title":"Produtos Henkel: Veja a linha Technomelt - Garciqu\u00edmica","og_description":"Garciqu\u00edmica \u00e9 distribuidora autorizada dos produtos Henkel. Trabalhamos com a marca Technomelt e seus Adesivos Hot Melt e Melt Cleaner. Veja o cat\u00e1logo!","og_url":"https:\/\/garciquimica.com.br\/henkel\/catalogo-de-produtos\/relacao-de-produtos-technomelt\/","og_site_name":"Garc\u00edquimica - Distribuidor Henkel","article_publisher":"https:\/\/www.facebook.com\/Garciqumica-110534084040749","article_modified_time":"2023-07-25T13:01:05+00:00","twitter_card":"summary_large_image","twitter_misc":{"Est. tempo de leitura":"7 minutos"},"schema":{"@context":"https:\/\/schema.org","@graph":[{"@type":"WebPage","@id":"https:\/\/garciquimica.com.br\/henkel\/catalogo-de-produtos\/relacao-de-produtos-technomelt\/","url":"https:\/\/garciquimica.com.br\/henkel\/catalogo-de-produtos\/relacao-de-produtos-technomelt\/","name":"Produtos Henkel: Veja a linha Technomelt - Garciqu\u00edmica","isPartOf":{"@id":"https:\/\/garciquimica.com.br\/henkel\/#website"},"datePublished":"2020-11-10T00:06:50+00:00","dateModified":"2023-07-25T13:01:05+00:00","description":"Garciqu\u00edmica \u00e9 distribuidora autorizada dos produtos Henkel. Trabalhamos com a marca Technomelt e seus Adesivos Hot Melt e Melt Cleaner. Veja o cat\u00e1logo!","breadcrumb":{"@id":"https:\/\/garciquimica.com.br\/henkel\/catalogo-de-produtos\/relacao-de-produtos-technomelt\/#breadcrumb"},"inLanguage":"pt-BR","potentialAction":[{"@type":"ReadAction","target":["https:\/\/garciquimica.com.br\/henkel\/catalogo-de-produtos\/relacao-de-produtos-technomelt\/"]}]},{"@type":"BreadcrumbList","@id":"https:\/\/garciquimica.com.br\/henkel\/catalogo-de-produtos\/relacao-de-produtos-technomelt\/#breadcrumb","itemListElement":[{"@type":"ListItem","position":1,"name":"In\u00edcio","item":"https:\/\/garciquimica.com.br\/henkel\/"},{"@type":"ListItem","position":2,"name":"Cat\u00e1logo de Produtos","item":"https:\/\/garciquimica.com.br\/henkel\/catalogo-de-produtos\/"},{"@type":"ListItem","position":3,"name":"Rela\u00e7\u00e3o de Produtos Technomelt"}]},{"@type":"WebSite","@id":"https:\/\/garciquimica.com.br\/henkel\/#website","url":"https:\/\/garciquimica.com.br\/henkel\/","name":"Garc\u00edquimica - Distribuidor Henkel","description":"Saiba mais Sobre a Garciquimica - Henkel","publisher":{"@id":"https:\/\/garciquimica.com.br\/henkel\/#organization"},"potentialAction":[{"@type":"SearchAction","target":{"@type":"EntryPoint","urlTemplate":"https:\/\/garciquimica.com.br\/henkel\/?s={search_term_string}"},"query-input":"required name=search_term_string"}],"inLanguage":"pt-BR"},{"@type":"Organization","@id":"https:\/\/garciquimica.com.br\/henkel\/#organization","name":"Garc\u00edquimica - Distribuidor Henkel","url":"https:\/\/garciquimica.com.br\/henkel\/","logo":{"@type":"ImageObject","inLanguage":"pt-BR","@id":"https:\/\/garciquimica.com.br\/henkel\/#\/schema\/logo\/image\/","url":"https:\/\/garciquimica.com.br\/henkel\/wp-content\/uploads\/2020\/10\/logo-garciquimica-henkel.png","contentUrl":"https:\/\/garciquimica.com.br\/henkel\/wp-content\/uploads\/2020\/10\/logo-garciquimica-henkel.png","width":362,"height":89,"caption":"Garc\u00edquimica - Distribuidor Henkel"},"image":{"@id":"https:\/\/garciquimica.com.br\/henkel\/#\/schema\/logo\/image\/"},"sameAs":["https:\/\/www.facebook.com\/Garciqumica-110534084040749","https:\/\/www.instagram.com\/garciquimica\/"]}]}},"_links":{"self":[{"href":"https:\/\/garciquimica.com.br\/henkel\/wp-json\/wp\/v2\/pages\/2034"}],"collection":[{"href":"https:\/\/garciquimica.com.br\/henkel\/wp-json\/wp\/v2\/pages"}],"about":[{"href":"https:\/\/garciquimica.com.br\/henkel\/wp-json\/wp\/v2\/types\/page"}],"author":[{"embeddable":true,"href":"https:\/\/garciquimica.com.br\/henkel\/wp-json\/wp\/v2\/users\/1"}],"replies":[{"embeddable":true,"href":"https:\/\/garciquimica.com.br\/henkel\/wp-json\/wp\/v2\/comments?post=2034"}],"version-history":[{"count":9,"href":"https:\/\/garciquimica.com.br\/henkel\/wp-json\/wp\/v2\/pages\/2034\/revisions"}],"predecessor-version":[{"id":2144,"href":"https:\/\/garciquimica.com.br\/henkel\/wp-json\/wp\/v2\/pages\/2034\/revisions\/2144"}],"up":[{"embeddable":true,"href":"https:\/\/garciquimica.com.br\/henkel\/wp-json\/wp\/v2\/pages\/14"}],"wp:attachment":[{"href":"https:\/\/garciquimica.com.br\/henkel\/wp-json\/wp\/v2\/media?parent=2034"}],"curies":[{"name":"wp","href":"https:\/\/api.w.org\/{rel}","templated":true}]}}